{"id":3363,"date":"2020-08-21T11:39:29","date_gmt":"2020-08-21T11:39:29","guid":{"rendered":"https:\/\/www.xn--twer-rad-n4a.de\/?page_id=3363"},"modified":"2020-08-21T11:39:29","modified_gmt":"2020-08-21T11:39:29","slug":"mietbedingungen","status":"publish","type":"page","link":"https:\/\/www.xn--twer-rad-n4a.de\/index.php\/mietbedingungen\/","title":{"rendered":"Mietbedingungen"},"content":{"rendered":"<p>1: Das Fahren am Strand und durch Salzwasser ist verboten (Reinigungsgeb\u00fchr 50 \u20ac)<\/p>\n<p>2. Die Fahrr\u00e4der sind immer abzuschlie\u00dfen<\/p>\n<p>3.Besch\u00e4digungen, die durch eine unsachgem\u00e4\u00dfe Nutzung des Rades entstehen, m\u00fcssen ersetzt werden. 4.Ver\u00e4nderungen am Leihrad sind verboten<\/p>\n<p>5.Das mitfahren einer zweiten Person auf dem Gep\u00e4cktr\u00e4ger oder Lenker sind verboten<\/p>\n<p>6.Das Leihrad ist immer, auch im Falle eine Defektes, wieder beim Vermieter abzugeben<\/p>\n<p>7.Verlorene Schl\u00fcssel werden mit 10 \u20ac berechnet<\/p>\n<p>Das Entleihen von R\u00e4dern ist nur gegen das Vorlegen einen Ausweises m\u00f6glich<\/p>\n<p>8.Der Mietpreis ist im Voraus zu entrichten<\/p>\n<p>9. Der Unterzeichner des Mietvertrages haftet f\u00fcr die entliehenen R\u00e4der<\/p>\n<p>T\u00f6werland Express GmbH, Strandstrass e4,26571 Juist<\/p>\n","protected":false},"excerpt":{"rendered":"<p>1: Das Fahren am Strand und durch Salzwasser ist verboten (Reinigungsgeb\u00fchr 50 \u20ac) 2. Die Fahrr\u00e4der sind immer abzuschlie\u00dfen 3.Besch\u00e4digungen, die durch eine unsachgem\u00e4\u00dfe Nutzung des Rades entstehen, m\u00fcssen ersetzt werden. 4.Ver\u00e4nderungen am Leihrad sind verboten 5.Das mitfahren einer zweiten Person auf dem Gep\u00e4cktr\u00e4ger oder Lenker sind verboten 6.Das Leihrad ist immer, auch im Falle [&hellip;]<\/p>\n","protected":false},"author":3,"featured_media":0,"parent":0,"menu_order":0,"comment_status":"closed","ping_status":"closed","template":"","meta":{"footnotes":""},"_links":{"self":[{"href":"https:\/\/www.xn--twer-rad-n4a.de\/index.php\/wp-json\/wp\/v2\/pages\/3363"}],"collection":[{"href":"https:\/\/www.xn--twer-rad-n4a.de\/index.php\/wp-json\/wp\/v2\/pages"}],"about":[{"href":"https:\/\/www.xn--twer-rad-n4a.de\/index.php\/wp-json\/wp\/v2\/types\/page"}],"author":[{"embeddable":true,"href":"https:\/\/www.xn--twer-rad-n4a.de\/index.php\/wp-json\/wp\/v2\/users\/3"}],"replies":[{"embeddable":true,"href":"https:\/\/www.xn--twer-rad-n4a.de\/index.php\/wp-json\/wp\/v2\/comments?post=3363"}],"version-history":[{"count":1,"href":"https:\/\/www.xn--twer-rad-n4a.de\/index.php\/wp-json\/wp\/v2\/pages\/3363\/revisions"}],"predecessor-version":[{"id":3364,"href":"https:\/\/www.xn--twer-rad-n4a.de\/index.php\/wp-json\/wp\/v2\/pages\/3363\/revisions\/3364"}],"wp:attachment":[{"href":"https:\/\/www.xn--twer-rad-n4a.de\/index.php\/wp-json\/wp\/v2\/media?parent=3363"}],"curies":[{"name":"wp","href":"https:\/\/api.w.org\/{rel}","templated":true}]}}